{"id":2988,"date":"2023-09-15T00:09:32","date_gmt":"2023-09-15T00:09:32","guid":{"rendered":"https:\/\/sarbakanstudio.com\/?page_id=2988"},"modified":"2025-02-20T19:52:00","modified_gmt":"2025-02-20T19:52:00","slug":"application","status":"publish","type":"page","link":"http:\/\/sarbakanstudio.com\/en\/application\/","title":{"rendered":"Formulaire d&#8217;application"},"content":{"rendered":"\t\t<div data-elementor-type=\"wp-page\" data-elementor-id=\"2988\" class=\"elementor elementor-2988\" data-elementor-post-type=\"page\">\n\t\t\t\t\t\t<section class=\"elementor-section elementor-top-section elementor-element elementor-element-803527e elementor-section-full_width elementor-section-height-default elementor-section-height-default\" data-id=\"803527e\" data-element_type=\"section\" data-e-type=\"section\" data-settings=\"{&quot;background_background&quot;:&quot;classic&quot;}\">\n\t\t\t\t\t\t<div class=\"elementor-container elementor-column-gap-no\">\n\t\t\t\t\t<div class=\"elementor-column elementor-col-100 elementor-top-column elementor-element elementor-element-eb5f067\" data-id=\"eb5f067\" data-element_type=\"column\" data-e-type=\"column\">\n\t\t\t<div class=\"elementor-widget-wrap elementor-element-populated\">\n\t\t\t\t\t\t<div class=\"elementor-element elementor-element-895333c elementor-widget elementor-widget-spacer\" data-id=\"895333c\" data-element_type=\"widget\" data-e-type=\"widget\" data-widget_type=\"spacer.default\">\n\t\t\t\t<div class=\"elementor-widget-container\">\n\t\t\t\t\t\t\t<div class=\"elementor-spacer\">\n\t\t\t<div class=\"elementor-spacer-inner\"><\/div>\n\t\t<\/div>\n\t\t\t\t\t\t<\/div>\n\t\t\t\t<\/div>\n\t\t\t\t\t<\/div>\n\t\t<\/div>\n\t\t\t\t\t<\/div>\n\t\t<\/section>\n\t\t\t\t<section class=\"elementor-section elementor-top-section elementor-element elementor-element-20f30f4 elementor-section-boxed elementor-section-height-default elementor-section-height-default\" data-id=\"20f30f4\" data-element_type=\"section\" data-e-type=\"section\">\n\t\t\t\t\t\t<div class=\"elementor-container elementor-column-gap-default\">\n\t\t\t\t\t<div class=\"elementor-column elementor-col-100 elementor-top-column elementor-element elementor-element-2d8f03d\" data-id=\"2d8f03d\" data-element_type=\"column\" data-e-type=\"column\">\n\t\t\t<div class=\"elementor-widget-wrap elementor-element-populated\">\n\t\t\t\t\t\t<div class=\"elementor-element elementor-element-c4b3f43 elementor-widget elementor-widget-heading\" data-id=\"c4b3f43\" data-element_type=\"widget\" data-e-type=\"widget\" data-widget_type=\"heading.default\">\n\t\t\t\t<div class=\"elementor-widget-container\">\n\t\t\t\t\t<h2 class=\"elementor-heading-title elementor-size-default\">Formulaire d'application<\/h2>\t\t\t\t<\/div>\n\t\t\t\t<\/div>\n\t\t\t\t\t<\/div>\n\t\t<\/div>\n\t\t\t\t\t<\/div>\n\t\t<\/section>\n\t\t\t\t<section class=\"elementor-section elementor-top-section elementor-element elementor-element-5425af3 elementor-section-boxed elementor-section-height-default elementor-section-height-default\" data-id=\"5425af3\" data-element_type=\"section\" data-e-type=\"section\">\n\t\t\t\t\t\t<div class=\"elementor-container elementor-column-gap-default\">\n\t\t\t\t\t<div class=\"elementor-column elementor-col-50 elementor-top-column elementor-element elementor-element-8b7e8c4\" data-id=\"8b7e8c4\" data-element_type=\"column\" data-e-type=\"column\">\n\t\t\t<div class=\"elementor-widget-wrap elementor-element-populated\">\n\t\t\t\t\t\t<div class=\"elementor-element elementor-element-fda3560 elementor-widget elementor-widget-text-editor\" data-id=\"fda3560\" data-element_type=\"widget\" data-e-type=\"widget\" data-widget_type=\"text-editor.default\">\n\t\t\t\t<div class=\"elementor-widget-container\">\n\t\t\t\t\t\t\t\t\t<p>Veuillez remplir ce formulaire et joindre tous vos documents (max. 3 documents). Seuls les formats de fichier jpg, pdf et docx sont accept\u00e9s.<\/p><p>Nous vous remercions de l\u2019int\u00e9r\u00eat que vous portez \u00e0 Sarbakan. Nous nous engageons \u00e0 vous contacter d\u2019ici une semaine si votre candidature est retenue.<\/p>\t\t\t\t\t\t\t\t<\/div>\n\t\t\t\t<\/div>\n\t\t\t\t\t<\/div>\n\t\t<\/div>\n\t\t\t\t<div class=\"elementor-column elementor-col-50 elementor-top-column elementor-element elementor-element-76a03a0\" data-id=\"76a03a0\" data-element_type=\"column\" data-e-type=\"column\" data-settings=\"{&quot;background_background&quot;:&quot;classic&quot;}\">\n\t\t\t<div class=\"elementor-widget-wrap elementor-element-populated\">\n\t\t\t\t\t\t<div class=\"elementor-element elementor-element-dc3a757 elementor-button-align-stretch elementor-widget elementor-widget-form\" data-id=\"dc3a757\" data-element_type=\"widget\" data-e-type=\"widget\" data-settings=\"{&quot;step_next_label&quot;:&quot;Suivant&quot;,&quot;step_previous_label&quot;:&quot;Pr\\u00e9c\\u00e9dent&quot;,&quot;button_width&quot;:&quot;100&quot;,&quot;step_type&quot;:&quot;number_text&quot;,&quot;step_icon_shape&quot;:&quot;circle&quot;}\" data-widget_type=\"form.default\">\n\t\t\t\t<div class=\"elementor-widget-container\">\n\t\t\t\t\t\t\t<form class=\"elementor-form\" method=\"post\" name=\"Nouveau formulaire\" aria-label=\"Nouveau formulaire\">\n\t\t\t<input type=\"hidden\" name=\"post_id\" value=\"2988\"\/>\n\t\t\t<input type=\"hidden\" name=\"form_id\" value=\"dc3a757\"\/>\n\t\t\t<input type=\"hidden\" name=\"referer_title\" value=\"\" \/>\n\n\t\t\t\n\t\t\t<div class=\"elementor-form-fields-wrapper elementor-labels-\">\n\t\t\t\t\t\t\t\t<div class=\"elementor-field-type-select elementor-field-group elementor-column elementor-field-group-name elementor-col-100\">\n\t\t\t\t\t\t\t\t\t\t\t\t<label for=\"form-field-name\" class=\"elementor-field-label elementor-screen-only\">\n\t\t\t\t\t\t\t\tPoste\t\t\t\t\t\t\t<\/label>\n\t\t\t\t\t\t\t\t<div class=\"elementor-field elementor-select-wrapper remove-before \">\n\t\t\t<div class=\"select-caret-down-wrapper\">\n\t\t\t\t<i aria-hidden=\"true\" class=\"eicon-caret-down\"><\/i>\t\t\t<\/div>\n\t\t\t<select name=\"form_fields[name]\" id=\"form-field-name\" class=\"elementor-field-textual elementor-size-sm\">\n\t\t\t\t\t\t\t\t\t<option value=\"Choisir une option\">Choisir une option<\/option>\n\t\t\t\t\t\t\t\t\t<option value=\"Concepteur de jeu\">Concepteur de jeu<\/option>\n\t\t\t\t\t\t\t\t\t<option value=\"Concepteur de niveaux\">Concepteur de niveaux<\/option>\n\t\t\t\t\t\t\t\t\t<option value=\"Programmeur de jeu\">Programmeur de jeu<\/option>\n\t\t\t\t\t\t\t\t\t<option value=\"Artiste d&#039;effets sp\u00e9ciaux\">Artiste d&#039;effets sp\u00e9ciaux<\/option>\n\t\t\t\t\t\t\t\t\t<option value=\"Lead programmeur\/gestionnaire d\u2019\u00e9quipe\">Lead programmeur\/gestionnaire d\u2019\u00e9quipe<\/option>\n\t\t\t\t\t\t\t\t\t<option value=\"Autre - Sp\u00e9cifier dans le message\">Autre - Sp\u00e9cifier dans le message<\/option>\n\t\t\t\t\t\t\t<\/select>\n\t\t<\/div>\n\t\t\t\t\t\t<\/div>\n\t\t\t\t\t\t\t\t<div class=\"elementor-field-type-email elementor-field-group elementor-column elementor-field-group-email elementor-col-100 elementor-field-required\">\n\t\t\t\t\t\t\t\t\t\t\t\t\t<input size=\"1\" type=\"email\" name=\"form_fields[email]\" id=\"form-field-email\" class=\"elementor-field elementor-size-sm  elementor-field-textual\" placeholder=\"Courriel\" required=\"required\">\n\t\t\t\t\t\t\t\t\t\t\t<\/div>\n\t\t\t\t\t\t\t\t<div class=\"elementor-field-type-textarea elementor-field-group elementor-column elementor-field-group-message elementor-col-100\">\n\t\t\t\t\t<textarea class=\"elementor-field-textual elementor-field  elementor-size-sm\" name=\"form_fields[message]\" id=\"form-field-message\" rows=\"4\" placeholder=\"Message\"><\/textarea>\t\t\t\t<\/div>\n\t\t\t\t\t\t\t\t<div class=\"elementor-field-type-upload elementor-field-group elementor-column elementor-field-group-field_2b9a668 elementor-col-100\">\n\t\t\t\t\t\t\t\t\t\t\t\t<label for=\"form-field-field_2b9a668\" class=\"elementor-field-label elementor-screen-only\">\n\t\t\t\t\t\t\t\tPi\u00e8ces jointes\t\t\t\t\t\t\t<\/label>\n\t\t\t\t\t\t\t\t<input type=\"file\" name=\"form_fields[field_2b9a668][]\" id=\"form-field-field_2b9a668\" class=\"elementor-field elementor-size-sm  elementor-upload-field\" multiple=\"multiple\">\n\n\t\t\t\t\t\t<\/div>\n\t\t\t\t\t\t\t\t<div class=\"elementor-field-group elementor-column elementor-field-type-submit elementor-col-100 e-form__buttons\">\n\t\t\t\t\t<button class=\"elementor-button elementor-size-sm\" type=\"submit\">\n\t\t\t\t\t\t<span class=\"elementor-button-content-wrapper\">\n\t\t\t\t\t\t\t\t\t\t\t\t\t\t\t\t\t\t\t\t\t\t<span class=\"elementor-button-text\">Envoyer<\/span>\n\t\t\t\t\t\t\t\t\t\t\t\t\t<\/span>\n\t\t\t\t\t<\/button>\n\t\t\t\t<\/div>\n\t\t\t<\/div>\n\t\t<\/form>\n\t\t\t\t\t\t<\/div>\n\t\t\t\t<\/div>\n\t\t\t\t\t<\/div>\n\t\t<\/div>\n\t\t\t\t\t<\/div>\n\t\t<\/section>\n\t\t\t\t<section class=\"elementor-section elementor-top-section elementor-element elementor-element-2542e57 elementor-section-boxed elementor-section-height-default elementor-section-height-default\" data-id=\"2542e57\" data-element_type=\"section\" data-e-type=\"section\">\n\t\t\t\t\t\t<div class=\"elementor-container elementor-column-gap-default\">\n\t\t\t\t\t<div class=\"elementor-column elementor-col-100 elementor-top-column elementor-element elementor-element-c71e092\" data-id=\"c71e092\" data-element_type=\"column\" data-e-type=\"column\">\n\t\t\t<div class=\"elementor-widget-wrap elementor-element-populated\">\n\t\t\t\t\t\t<div class=\"elementor-element elementor-element-3038075 elementor-widget elementor-widget-spacer\" data-id=\"3038075\" data-element_type=\"widget\" data-e-type=\"widget\" data-widget_type=\"spacer.default\">\n\t\t\t\t<div class=\"elementor-widget-container\">\n\t\t\t\t\t\t\t<div class=\"elementor-spacer\">\n\t\t\t<div class=\"elementor-spacer-inner\"><\/div>\n\t\t<\/div>\n\t\t\t\t\t\t<\/div>\n\t\t\t\t<\/div>\n\t\t\t\t\t<\/div>\n\t\t<\/div>\n\t\t\t\t\t<\/div>\n\t\t<\/section>\n\t\t\t\t<\/div>\n\t\t","protected":false},"excerpt":{"rendered":"<p>Formulaire d&#8217;application Veuillez remplir ce formulaire et joindre tous vos documents (max. 3 documents). Seuls les formats de fichier jpg, pdf et docx sont accept\u00e9s. Nous vous remercions de l\u2019int\u00e9r\u00eat que vous portez \u00e0 Sarbakan. Nous nous engageons \u00e0 vous contacter d\u2019ici une semaine si votre candidature est retenue.<\/p>\n","protected":false},"author":1,"featured_media":0,"parent":0,"menu_order":0,"comment_status":"closed","ping_status":"closed","template":"","meta":{"footnotes":""},"class_list":["post-2988","page","type-page","status-publish","hentry"],"rttpg_featured_image_url":null,"rttpg_author":{"display_name":"Claude Pelletier","author_link":"http:\/\/sarbakanstudio.com\/en\/author\/adminpro\/"},"rttpg_comment":0,"rttpg_category":null,"rttpg_excerpt":"Formulaire d&#8217;application Veuillez remplir ce formulaire et joindre tous vos documents (max. 3 documents). Seuls les formats de fichier jpg, pdf et docx sont accept\u00e9s. Nous vous remercions de l\u2019int\u00e9r\u00eat que vous portez \u00e0 Sarbakan. Nous nous engageons \u00e0 vous contacter d\u2019ici une semaine si votre candidature est retenue.","_links":{"self":[{"href":"http:\/\/sarbakanstudio.com\/en\/wp-json\/wp\/v2\/pages\/2988","targetHints":{"allow":["GET"]}}],"collection":[{"href":"http:\/\/sarbakanstudio.com\/en\/wp-json\/wp\/v2\/pages"}],"about":[{"href":"http:\/\/sarbakanstudio.com\/en\/wp-json\/wp\/v2\/types\/page"}],"author":[{"embeddable":true,"href":"http:\/\/sarbakanstudio.com\/en\/wp-json\/wp\/v2\/users\/1"}],"replies":[{"embeddable":true,"href":"http:\/\/sarbakanstudio.com\/en\/wp-json\/wp\/v2\/comments?post=2988"}],"version-history":[{"count":41,"href":"http:\/\/sarbakanstudio.com\/en\/wp-json\/wp\/v2\/pages\/2988\/revisions"}],"predecessor-version":[{"id":4751,"href":"http:\/\/sarbakanstudio.com\/en\/wp-json\/wp\/v2\/pages\/2988\/revisions\/4751"}],"wp:attachment":[{"href":"http:\/\/sarbakanstudio.com\/en\/wp-json\/wp\/v2\/media?parent=2988"}],"curies":[{"name":"wp","href":"https:\/\/api.w.org\/{rel}","templated":true}]}}