{"id":1768,"date":"2023-05-04T16:47:23","date_gmt":"2023-05-04T16:47:23","guid":{"rendered":"https:\/\/sarbakanstudio.com\/?page_id=1768"},"modified":"2024-11-12T16:55:57","modified_gmt":"2024-11-12T16:55:57","slug":"news","status":"publish","type":"page","link":"http:\/\/sarbakanstudio.com\/fr\/news\/","title":{"rendered":"ACTUALIT\u00c9S"},"content":{"rendered":"<div data-elementor-type=\"wp-page\" data-elementor-id=\"1768\" class=\"elementor elementor-1768\" data-elementor-post-type=\"page\">\n\t\t\t\t\t\t<section class=\"elementor-section elementor-top-section elementor-element elementor-element-8d43d8d elementor-section-full_width elementor-section-height-default elementor-section-height-default\" data-id=\"8d43d8d\" data-element_type=\"section\" data-e-type=\"section\" data-settings=\"{&quot;background_background&quot;:&quot;classic&quot;}\">\n\t\t\t\t\t\t<div class=\"elementor-container elementor-column-gap-no\">\n\t\t\t\t\t<div class=\"elementor-column elementor-col-100 elementor-top-column elementor-element elementor-element-11a3a55\" data-id=\"11a3a55\" data-element_type=\"column\" data-e-type=\"column\">\n\t\t\t<div class=\"elementor-widget-wrap elementor-element-populated\">\n\t\t\t\t\t\t<div class=\"elementor-element elementor-element-e5c0d2f elementor-widget elementor-widget-spacer\" data-id=\"e5c0d2f\" data-element_type=\"widget\" data-e-type=\"widget\" data-widget_type=\"spacer.default\">\n\t\t\t\t<div class=\"elementor-widget-container\">\n\t\t\t\t\t\t\t<div class=\"elementor-spacer\">\n\t\t\t<div class=\"elementor-spacer-inner\"><\/div>\n\t\t<\/div>\n\t\t\t\t\t\t<\/div>\n\t\t\t\t<\/div>\n\t\t\t\t\t<\/div>\n\t\t<\/div>\n\t\t\t\t\t<\/div>\n\t\t<\/section>\n\t\t\t\t<section class=\"elementor-section elementor-top-section elementor-element elementor-element-802ec32 elementor-section-full_width elementor-section-content-middle elementor-section-height-default elementor-section-height-default\" data-id=\"802ec32\" data-element_type=\"section\" data-e-type=\"section\">\n\t\t\t\t\t\t<div class=\"elementor-container elementor-column-gap-no\">\n\t\t\t\t\t<div class=\"elementor-column elementor-col-100 elementor-top-column elementor-element elementor-element-4d92b7b\" data-id=\"4d92b7b\" data-element_type=\"column\" data-e-type=\"column\">\n\t\t\t<div class=\"elementor-widget-wrap elementor-element-populated\">\n\t\t\t\t\t\t<div class=\"elementor-element elementor-element-283ec44 elementor-widget__width-inherit elementor-widget elementor-widget-video\" data-id=\"283ec44\" data-element_type=\"widget\" data-e-type=\"widget\" data-settings=\"{&quot;video_type&quot;:&quot;hosted&quot;,&quot;autoplay&quot;:&quot;yes&quot;,&quot;play_on_mobile&quot;:&quot;yes&quot;,&quot;mute&quot;:&quot;yes&quot;,&quot;loop&quot;:&quot;yes&quot;}\" data-widget_type=\"video.default\">\n\t\t\t\t<div class=\"elementor-widget-container\">\n\t\t\t\t\t\t\t<div class=\"e-hosted-video elementor-wrapper elementor-open-inline\">\n\t\t\t\t\t<video class=\"elementor-video\" src=\"https:\/\/sarbakanstudio.com\/wp-content\/uploads\/2023\/09\/News_2_Clip.mp4\" autoplay=\"\" loop=\"\" muted=\"muted\" playsinline=\"\" controlslist=\"nodownload\"><\/video>\n\t\t\t\t<\/div>\n\t\t\t\t\t\t<\/div>\n\t\t\t\t<\/div>\n\t\t\t\t<div class=\"elementor-element elementor-element-2fbf0c0 elementor-widget elementor-widget-image\" data-id=\"2fbf0c0\" data-element_type=\"widget\" data-e-type=\"widget\" data-widget_type=\"image.default\">\n\t\t\t\t<div class=\"elementor-widget-container\">\n\t\t\t\t\t\t\t\t\t\t\t\t\t\t\t<img fetchpriority=\"high\" decoding=\"async\" width=\"800\" height=\"800\" src=\"https:\/\/sarbakanstudio.com\/wp-content\/uploads\/2023\/04\/623e2172bac446468055fd0c_scroll-arrows-light.gif\" class=\"attachment-large size-large wp-image-1157\" alt=\"\" \/>\t\t\t\t\t\t\t\t\t\t\t\t\t\t\t<\/div>\n\t\t\t\t<\/div>\n\t\t\t\t\t<\/div>\n\t\t<\/div>\n\t\t\t\t\t<\/div>\n\t\t<\/section>\n\t\t\t\t<section class=\"elementor-section elementor-top-section elementor-element elementor-element-debce8b elementor-section-full_width animated-fast elementor-section-height-default elementor-section-height-default elementor-invisible\" data-id=\"debce8b\" data-element_type=\"section\" data-e-type=\"section\" data-settings=\"{&quot;animation&quot;:&quot;slideInUp&quot;}\">\n\t\t\t\t\t\t<div class=\"elementor-container elementor-column-gap-no\">\n\t\t\t\t\t<div class=\"elementor-column elementor-col-100 elementor-top-column elementor-element elementor-element-01aae83\" data-id=\"01aae83\" data-element_type=\"column\" data-e-type=\"column\">\n\t\t\t<div class=\"elementor-widget-wrap elementor-element-populated\">\n\t\t\t\t\t\t<div class=\"elementor-element elementor-element-2244ce1 elementor-widget elementor-widget-heading\" data-id=\"2244ce1\" data-element_type=\"widget\" data-e-type=\"widget\" data-widget_type=\"heading.default\">\n\t\t\t\t<div class=\"elementor-widget-container\">\n\t\t\t\t\t<h2 class=\"elementor-heading-title elementor-size-default\">ACTUALIT\u00c9S<\/h2>\t\t\t\t<\/div>\n\t\t\t\t<\/div>\n\t\t\t\t<div class=\"elementor-element elementor-element-f291d9e elementor-widget-mobile__width-inherit title-alignment-left elementor-widget__width-initial title_position_default title_hover_border_default title-default img_hover_animation_default readmore-btn-default-style grid-hover-overlay-type-always grid-hover-overlay-height-default hover-overlay-height-default tpg-border-bottom-disable elementor-widget elementor-widget-tpg-grid-hover-layout\" data-id=\"f291d9e\" data-element_type=\"widget\" data-e-type=\"widget\" data-widget_type=\"tpg-grid-hover-layout.default\">\n\t\t\t\t<div class=\"elementor-widget-container\">\n\t\t\t\t\t\n        <div class=\"rt-container-fluid rt-tpg-container tpg-el-main-wrapper grid_hover-layout1-main\"\n             id=\"rt-tpg-container-4267295622\"\n             data-layout=\"grid_hover-layout1\"\n             data-sc-id=\"elementor\"\n             data-el-settings=''\n             data-el-query=''\n             data-el-path=''\n        >\n\t\t\t            <div class='tpg-header-wrapper'>\n\t\t\t\t            <\/div>\n\n            <div data-title=\"Loading ...\"\n                 class=\"rt-row rt-content-loader grid_hover-layout1 tpg-even grid-behaviour grid_hover_layout_wrapper\">\n\t\t\t\t\n<div class=\"rt-col-md-4 rt-col-sm-6 rt-col-xs-12 default rt-grid-hover-item rt-grid-item\" data-id=\"2131\">\n\t<div class=\"rt-holder tpg-post-holder\">\n\t\t<div class=\"rt-detail rt-el-content-wrapper\">\n\t\t\t\t\t\t\t<div class=\"rt-img-holder tpg-el-image-wrap has-thumbnail\">\n\t\t\t\t\t<a data-id=\"2131\" href=\"http:\/\/sarbakanstudio.com\/fr\/2023\/05\/09\/sarbakan-is-moving\/\" class=\"tpg-post-link\" target=\"_self\">                        <img decoding=\"async\" src=\"https:\/\/sarbakanstudio.com\/wp-content\/uploads\/2023\/05\/NewStudio-e1694957902395-768x546.png\"\n                             class=\"rt-img-responsive\"\n                             width=\"768\"\n                             height=\"546\"\n                             alt=\"SARBAKAN IS MOVING!\">\n\t\t\t\t\t\t\n\t\t\t\t\t\t\t\n\t\t<\/a>\n\t\t        <div class=\"overlay grid-hover-content\"><\/div>\n\t\t\t\t\t\t<\/div>\n\t\t\t\n\t\t\t<div class=\"grid-hover-content\">\n\t\t\t\t<div class=\"entry-title-wrapper\"><h3 class=\"entry-title\"><a data-id=\"2131\" href=\"http:\/\/sarbakanstudio.com\/fr\/2023\/05\/09\/sarbakan-is-moving\/\" class=\"tpg-post-link\" target=\"_self\">SARBAKAN D\u00c9M\u00c9NAGE<\/a><\/h3><\/div>\n\t\t\t\t\n\t\t\t\t\t\t\t\t\t<div class=\"tpg-excerpt tpg-el-excerpt\">\n\t\t\t\t\t\t\t\t\t\t\t\t\t<div class=\"tpg-excerpt-inner\">\n\t\t\t\t\t\t\t\tNous sommes heureux de vous annoncer que nous emm\u00e9nagerons prochainement dans nos nouveaux locaux situ\u00e9s...\t\t\t\t\t\t\t<\/div>\n\t\t\t\t\t\t\t\t\t\t\t\t\t\t\t\t\t<\/div>\n\t\t\t\t\n\t\t\t\t        <div class=\"post-footer\">\n            <div class=\"post-footer\">\n                <div class=\"read-more\">\n\t\t\t\t\t<a data-id=\"2131\" href=\"http:\/\/sarbakanstudio.com\/fr\/2023\/05\/09\/sarbakan-is-moving\/\" class=\"tpg-post-link\" target=\"_self\">Voir plus<\/a>                <\/div>\n            <\/div>\n        <\/div>\n\t\t\t\t\t<\/div>\n\t\t<\/div>\n\t<\/div>\n<\/div>\n\n<div class=\"rt-col-md-4 rt-col-sm-6 rt-col-xs-12 default rt-grid-hover-item rt-grid-item\" data-id=\"2129\">\n\t<div class=\"rt-holder tpg-post-holder\">\n\t\t<div class=\"rt-detail rt-el-content-wrapper\">\n\t\t\t\t\t\t\t<div class=\"rt-img-holder tpg-el-image-wrap has-thumbnail\">\n\t\t\t\t\t<a data-id=\"2129\" href=\"http:\/\/sarbakanstudio.com\/fr\/2022\/11\/09\/notre-nfs-a-iaapa-2\/\" class=\"tpg-post-link\" target=\"_self\">                        <img decoding=\"async\" src=\"https:\/\/sarbakanstudio.com\/wp-content\/uploads\/2022\/11\/nfs-3-768x586.png\"\n                             class=\"rt-img-responsive\"\n                             width=\"768\"\n                             height=\"586\"\n                             alt=\"OUR NFS AT IAAPA\">\n\t\t\t\t\t\t\n\t\t\t\t\t\t\t\n\t\t<\/a>\n\t\t        <div class=\"overlay grid-hover-content\"><\/div>\n\t\t\t\t\t\t<\/div>\n\t\t\t\n\t\t\t<div class=\"grid-hover-content\">\n\t\t\t\t<div class=\"entry-title-wrapper\"><h3 class=\"entry-title\"><a data-id=\"2129\" href=\"http:\/\/sarbakanstudio.com\/fr\/2022\/11\/09\/notre-nfs-a-iaapa-2\/\" class=\"tpg-post-link\" target=\"_self\">NOTRE NFS \u00e0 IIAPA<\/a><\/h3><\/div>\n\t\t\t\t\n\t\t\t\t\t\t\t\t\t<div class=\"tpg-excerpt tpg-el-excerpt\">\n\t\t\t\t\t\t\t\t\t\t\t\t\t<div class=\"tpg-excerpt-inner\">\n\t\t\t\t\t\t\t\tNous sommes tr\u00e8s fiers d'avoir lanc\u00e9 cette semaine, avec Adrenaline Amusement, notre nouveau jeu d'arcade \u00ab NFS...\t\t\t\t\t\t\t<\/div>\n\t\t\t\t\t\t\t\t\t\t\t\t\t\t\t\t\t<\/div>\n\t\t\t\t\n\t\t\t\t        <div class=\"post-footer\">\n            <div class=\"post-footer\">\n                <div class=\"read-more\">\n\t\t\t\t\t<a data-id=\"2129\" href=\"http:\/\/sarbakanstudio.com\/fr\/2022\/11\/09\/notre-nfs-a-iaapa-2\/\" class=\"tpg-post-link\" target=\"_self\">Voir plus<\/a>                <\/div>\n            <\/div>\n        <\/div>\n\t\t\t\t\t<\/div>\n\t\t<\/div>\n\t<\/div>\n<\/div>\n\n<div class=\"rt-col-md-4 rt-col-sm-6 rt-col-xs-12 default rt-grid-hover-item rt-grid-item\" data-id=\"2130\">\n\t<div class=\"rt-holder tpg-post-holder\">\n\t\t<div class=\"rt-detail rt-el-content-wrapper\">\n\t\t\t\t\t\t\t<div class=\"rt-img-holder tpg-el-image-wrap has-thumbnail\">\n\t\t\t\t\t<a data-id=\"2130\" href=\"http:\/\/sarbakanstudio.com\/fr\/2021\/11\/10\/candy-crush-a-la-tele\/\" class=\"tpg-post-link\" target=\"_self\">                        <img loading=\"lazy\" decoding=\"async\" src=\"https:\/\/sarbakanstudio.com\/wp-content\/uploads\/2023\/05\/hungry-hippos-actu-4-768x594.png\"\n                             class=\"rt-img-responsive\"\n                             width=\"768\"\n                             height=\"594\"\n                             alt=\"HIPPOS IN TOWN\">\n\t\t\t\t\t\t\n\t\t\t\t\t\t\t\n\t\t<\/a>\n\t\t        <div class=\"overlay grid-hover-content\"><\/div>\n\t\t\t\t\t\t<\/div>\n\t\t\t\n\t\t\t<div class=\"grid-hover-content\">\n\t\t\t\t<div class=\"entry-title-wrapper\"><h3 class=\"entry-title\"><a data-id=\"2130\" href=\"http:\/\/sarbakanstudio.com\/fr\/2021\/11\/10\/candy-crush-a-la-tele\/\" class=\"tpg-post-link\" target=\"_self\">HIPPOS EN VILLE<\/a><\/h3><\/div>\n\t\t\t\t\n\t\t\t\t\t\t\t\t\t<div class=\"tpg-excerpt tpg-el-excerpt\">\n\t\t\t\t\t\t\t\t\t\t\t\t\t<div class=\"tpg-excerpt-inner\">\n\t\t\t\t\t\t\t\tToute l'\u00e9quipe est fi\u00e8re d'avoir particip\u00e9 au d\u00e9veloppement de ce jeu d'hippopotames...\t\t\t\t\t\t\t<\/div>\n\t\t\t\t\t\t\t\t\t\t\t\t\t\t\t\t\t<\/div>\n\t\t\t\t\n\t\t\t\t        <div class=\"post-footer\">\n            <div class=\"post-footer\">\n                <div class=\"read-more\">\n\t\t\t\t\t<a data-id=\"2130\" href=\"http:\/\/sarbakanstudio.com\/fr\/2021\/11\/10\/candy-crush-a-la-tele\/\" class=\"tpg-post-link\" target=\"_self\">Voir plus<\/a>                <\/div>\n            <\/div>\n        <\/div>\n\t\t\t\t\t<\/div>\n\t\t<\/div>\n\t<\/div>\n<\/div>\n\n<div class=\"rt-col-md-4 rt-col-sm-6 rt-col-xs-12 default rt-grid-hover-item rt-grid-item\" data-id=\"2128\">\n\t<div class=\"rt-holder tpg-post-holder\">\n\t\t<div class=\"rt-detail rt-el-content-wrapper\">\n\t\t\t\t\t\t\t<div class=\"rt-img-holder tpg-el-image-wrap has-thumbnail\">\n\t\t\t\t\t<a data-id=\"2128\" href=\"http:\/\/sarbakanstudio.com\/fr\/2021\/09\/10\/goldfish-go-karts\/\" class=\"tpg-post-link\" target=\"_self\">                        <img loading=\"lazy\" decoding=\"async\" src=\"https:\/\/sarbakanstudio.com\/wp-content\/uploads\/2023\/05\/unnamed-768x375.png\"\n                             class=\"rt-img-responsive\"\n                             width=\"768\"\n                             height=\"375\"\n                             alt=\"GOLDFISH: GO KARTS\">\n\t\t\t\t\t\t\n\t\t\t\t\t\t\t\n\t\t<\/a>\n\t\t        <div class=\"overlay grid-hover-content\"><\/div>\n\t\t\t\t\t\t<\/div>\n\t\t\t\n\t\t\t<div class=\"grid-hover-content\">\n\t\t\t\t<div class=\"entry-title-wrapper\"><h3 class=\"entry-title\"><a data-id=\"2128\" href=\"http:\/\/sarbakanstudio.com\/fr\/2021\/09\/10\/goldfish-go-karts\/\" class=\"tpg-post-link\" target=\"_self\">GOLDFISH: GO KARTS<\/a><\/h3><\/div>\n\t\t\t\t\n\t\t\t\t\t\t\t\t\t<div class=\"tpg-excerpt tpg-el-excerpt\">\n\t\t\t\t\t\t\t\t\t\t\t\t\t<div class=\"tpg-excerpt-inner\">\n\t\t\t\t\t\t\t\tUne autre r\u00e9alisation de Sarbakan. Enfoncez la p\u00e9dale au plancher! Goldfish Go-Karts a du nouveau contenu mobile...\t\t\t\t\t\t\t<\/div>\n\t\t\t\t\t\t\t\t\t\t\t\t\t\t\t\t\t<\/div>\n\t\t\t\t\n\t\t\t\t        <div class=\"post-footer\">\n            <div class=\"post-footer\">\n                <div class=\"read-more\">\n\t\t\t\t\t<a data-id=\"2128\" href=\"http:\/\/sarbakanstudio.com\/fr\/2021\/09\/10\/goldfish-go-karts\/\" class=\"tpg-post-link\" target=\"_self\">Voir plus<\/a>                <\/div>\n            <\/div>\n        <\/div>\n\t\t\t\t\t<\/div>\n\t\t<\/div>\n\t<\/div>\n<\/div>\n\n<div class=\"rt-col-md-4 rt-col-sm-6 rt-col-xs-12 default rt-grid-hover-item rt-grid-item\" data-id=\"2127\">\n\t<div class=\"rt-holder tpg-post-holder\">\n\t\t<div class=\"rt-detail rt-el-content-wrapper\">\n\t\t\t\t\t\t\t<div class=\"rt-img-holder tpg-el-image-wrap has-thumbnail\">\n\t\t\t\t\t<a data-id=\"2127\" href=\"http:\/\/sarbakanstudio.com\/fr\/2021\/07\/10\/after-high-baby-dragon-2\/\" class=\"tpg-post-link\" target=\"_self\">                        <img loading=\"lazy\" decoding=\"async\" src=\"https:\/\/sarbakanstudio.com\/wp-content\/uploads\/2023\/05\/Baby_Dragons1-768x375.png\"\n                             class=\"rt-img-responsive\"\n                             width=\"768\"\n                             height=\"375\"\n                             alt=\"EVER AFTER HIGH: BABY DRAGONS\">\n\t\t\t\t\t\t\n\t\t\t\t\t\t\t\n\t\t<\/a>\n\t\t        <div class=\"overlay grid-hover-content\"><\/div>\n\t\t\t\t\t\t<\/div>\n\t\t\t\n\t\t\t<div class=\"grid-hover-content\">\n\t\t\t\t<div class=\"entry-title-wrapper\"><h3 class=\"entry-title\"><a data-id=\"2127\" href=\"http:\/\/sarbakanstudio.com\/fr\/2021\/07\/10\/after-high-baby-dragon-2\/\" class=\"tpg-post-link\" target=\"_self\">EVER AFTER HIGH: BABY DRAGONS<\/a><\/h3><\/div>\n\t\t\t\t\n\t\t\t\t\t\t\t\t\t<div class=\"tpg-excerpt tpg-el-excerpt\">\n\t\t\t\t\t\t\t\t\t\t\t\t\t<div class=\"tpg-excerpt-inner\">\n\t\t\t\t\t\t\t\tNous avons atteint le cap des 10 millions de t\u00e9l\u00e9chargements avec le jeu \u00ab Baby Dragons : Ever After High\u2122 \u00bb de...\t\t\t\t\t\t\t<\/div>\n\t\t\t\t\t\t\t\t\t\t\t\t\t\t\t\t\t<\/div>\n\t\t\t\t\n\t\t\t\t        <div class=\"post-footer\">\n            <div class=\"post-footer\">\n                <div class=\"read-more\">\n\t\t\t\t\t<a data-id=\"2127\" href=\"http:\/\/sarbakanstudio.com\/fr\/2021\/07\/10\/after-high-baby-dragon-2\/\" class=\"tpg-post-link\" target=\"_self\">Voir plus<\/a>                <\/div>\n            <\/div>\n        <\/div>\n\t\t\t\t\t<\/div>\n\t\t<\/div>\n\t<\/div>\n<\/div>\n\n<div class=\"rt-col-md-4 rt-col-sm-6 rt-col-xs-12 default rt-grid-hover-item rt-grid-item\" data-id=\"2126\">\n\t<div class=\"rt-holder tpg-post-holder\">\n\t\t<div class=\"rt-detail rt-el-content-wrapper\">\n\t\t\t\t\t\t\t<div class=\"rt-img-holder tpg-el-image-wrap has-thumbnail\">\n\t\t\t\t\t<a data-id=\"2126\" href=\"http:\/\/sarbakanstudio.com\/fr\/2021\/05\/10\/thomas-friends-adventures-2\/\" class=\"tpg-post-link\" target=\"_self\">                        <img loading=\"lazy\" decoding=\"async\" src=\"https:\/\/sarbakanstudio.com\/wp-content\/uploads\/2023\/05\/185173846_3941523559236142_5559111926506885850_n-768x432.jpg\"\n                             class=\"rt-img-responsive\"\n                             width=\"768\"\n                             height=\"432\"\n                             alt=\"THOMAS &#038; FRIENDS: ADVENTURES\">\n\t\t\t\t\t\t\n\t\t\t\t\t\t\t\n\t\t<\/a>\n\t\t        <div class=\"overlay grid-hover-content\"><\/div>\n\t\t\t\t\t\t<\/div>\n\t\t\t\n\t\t\t<div class=\"grid-hover-content\">\n\t\t\t\t<div class=\"entry-title-wrapper\"><h3 class=\"entry-title\"><a data-id=\"2126\" href=\"http:\/\/sarbakanstudio.com\/fr\/2021\/05\/10\/thomas-friends-adventures-2\/\" class=\"tpg-post-link\" target=\"_self\">THOMAS &amp; FRIENDS: ADVENTURES<\/a><\/h3><\/div>\n\t\t\t\t\n\t\t\t\t\t\t\t\t\t<div class=\"tpg-excerpt tpg-el-excerpt\">\n\t\t\t\t\t\t\t\t\t\t\t\t\t<div class=\"tpg-excerpt-inner\">\n\t\t\t\t\t\t\t\tLes toutes nouvelles versions iOS et Android du jeu \u00ab Thomas &amp; Friends : Adventures ! \", publi\u00e9 par...\t\t\t\t\t\t\t<\/div>\n\t\t\t\t\t\t\t\t\t\t\t\t\t\t\t\t\t<\/div>\n\t\t\t\t\n\t\t\t\t        <div class=\"post-footer\">\n            <div class=\"post-footer\">\n                <div class=\"read-more\">\n\t\t\t\t\t<a data-id=\"2126\" href=\"http:\/\/sarbakanstudio.com\/fr\/2021\/05\/10\/thomas-friends-adventures-2\/\" class=\"tpg-post-link\" target=\"_self\">Voir plus<\/a>                <\/div>\n            <\/div>\n        <\/div>\n\t\t\t\t\t<\/div>\n\t\t<\/div>\n\t<\/div>\n<\/div>\n\n<div class=\"rt-col-md-4 rt-col-sm-6 rt-col-xs-12 default rt-grid-hover-item rt-grid-item\" data-id=\"2125\">\n\t<div class=\"rt-holder tpg-post-holder\">\n\t\t<div class=\"rt-detail rt-el-content-wrapper\">\n\t\t\t\t\t\t\t<div class=\"rt-img-holder tpg-el-image-wrap has-thumbnail\">\n\t\t\t\t\t<a data-id=\"2125\" href=\"http:\/\/sarbakanstudio.com\/fr\/2020\/01\/10\/rabbids-ladders\/\" class=\"tpg-post-link\" target=\"_self\">                        <img loading=\"lazy\" decoding=\"async\" src=\"https:\/\/sarbakanstudio.com\/wp-content\/uploads\/2023\/05\/rabbids-and-ladder-actau-1-768x616.png\"\n                             class=\"rt-img-responsive\"\n                             width=\"768\"\n                             height=\"616\"\n                             alt=\"RABBIDS &#038; LADDERS\">\n\t\t\t\t\t\t\n\t\t\t\t\t\t\t\n\t\t<\/a>\n\t\t        <div class=\"overlay grid-hover-content\"><\/div>\n\t\t\t\t\t\t<\/div>\n\t\t\t\n\t\t\t<div class=\"grid-hover-content\">\n\t\t\t\t<div class=\"entry-title-wrapper\"><h3 class=\"entry-title\"><a data-id=\"2125\" href=\"http:\/\/sarbakanstudio.com\/fr\/2020\/01\/10\/rabbids-ladders\/\" class=\"tpg-post-link\" target=\"_self\">RABBIDS &amp; LADDERS<\/a><\/h3><\/div>\n\t\t\t\t\n\t\t\t\t\t\t\t\t\t<div class=\"tpg-excerpt tpg-el-excerpt\">\n\t\t\t\t\t\t\t\t\t\t\t\t\t<div class=\"tpg-excerpt-inner\">\n\t\t\t\t\t\t\t\tRabbids &amp; Ladders est le tout nouveau cabinet d'arcade au gameplay compl\u00e8tement fou ! Quatre joueurs peuvent...\t\t\t\t\t\t\t<\/div>\n\t\t\t\t\t\t\t\t\t\t\t\t\t\t\t\t\t<\/div>\n\t\t\t\t\n\t\t\t\t        <div class=\"post-footer\">\n            <div class=\"post-footer\">\n                <div class=\"read-more\">\n\t\t\t\t\t<a data-id=\"2125\" href=\"http:\/\/sarbakanstudio.com\/fr\/2020\/01\/10\/rabbids-ladders\/\" class=\"tpg-post-link\" target=\"_self\">Voir plus<\/a>                <\/div>\n            <\/div>\n        <\/div>\n\t\t\t\t\t<\/div>\n\t\t<\/div>\n\t<\/div>\n<\/div>\n\n<div class=\"rt-col-md-4 rt-col-sm-6 rt-col-xs-12 default rt-grid-hover-item rt-grid-item\" data-id=\"2124\">\n\t<div class=\"rt-holder tpg-post-holder\">\n\t\t<div class=\"rt-detail rt-el-content-wrapper\">\n\t\t\t\t\t\t\t<div class=\"rt-img-holder tpg-el-image-wrap has-thumbnail\">\n\t\t\t\t\t<a data-id=\"2124\" href=\"http:\/\/sarbakanstudio.com\/fr\/2018\/03\/09\/scooby-doo-a-new-york-2\/\" class=\"tpg-post-link\" target=\"_self\">                        <img loading=\"lazy\" decoding=\"async\" src=\"https:\/\/sarbakanstudio.com\/wp-content\/uploads\/2023\/05\/new-york-actu-1-768x609.png\"\n                             class=\"rt-img-responsive\"\n                             width=\"768\"\n                             height=\"609\"\n                             alt=\"SCOOBY DOO IN NEW YORK\">\n\t\t\t\t\t\t\n\t\t\t\t\t\t\t\n\t\t<\/a>\n\t\t        <div class=\"overlay grid-hover-content\"><\/div>\n\t\t\t\t\t\t<\/div>\n\t\t\t\n\t\t\t<div class=\"grid-hover-content\">\n\t\t\t\t<div class=\"entry-title-wrapper\"><h3 class=\"entry-title\"><a data-id=\"2124\" href=\"http:\/\/sarbakanstudio.com\/fr\/2018\/03\/09\/scooby-doo-a-new-york-2\/\" class=\"tpg-post-link\" target=\"_self\">SCOOBY DOO \u00c0 NEW YORK<\/a><\/h3><\/div>\n\t\t\t\t\n\t\t\t\t\t\t\t\t\t<div class=\"tpg-excerpt tpg-el-excerpt\">\n\t\t\t\t\t\t\t\t\t\t\t\t\t<div class=\"tpg-excerpt-inner\">\n\t\t\t\t\t\t\t\tUne immense affiche de notre jeu \u00ab Scooby doo : Mystery Cases \u00bb est pr\u00e9sent\u00e9e au grand public au milieu...\t\t\t\t\t\t\t<\/div>\n\t\t\t\t\t\t\t\t\t\t\t\t\t\t\t\t\t<\/div>\n\t\t\t\t\n\t\t\t\t        <div class=\"post-footer\">\n            <div class=\"post-footer\">\n                <div class=\"read-more\">\n\t\t\t\t\t<a data-id=\"2124\" href=\"http:\/\/sarbakanstudio.com\/fr\/2018\/03\/09\/scooby-doo-a-new-york-2\/\" class=\"tpg-post-link\" target=\"_self\">Voir plus<\/a>                <\/div>\n            <\/div>\n        <\/div>\n\t\t\t\t\t<\/div>\n\t\t<\/div>\n\t<\/div>\n<\/div>\n\n<div class=\"rt-col-md-4 rt-col-sm-6 rt-col-xs-12 default rt-grid-hover-item rt-grid-item\" data-id=\"1957\">\n\t<div class=\"rt-holder tpg-post-holder\">\n\t\t<div class=\"rt-detail rt-el-content-wrapper\">\n\t\t\t\t\t\t\t<div class=\"rt-img-holder tpg-el-image-wrap has-thumbnail\">\n\t\t\t\t\t<a data-id=\"1957\" href=\"http:\/\/sarbakanstudio.com\/fr\/2017\/05\/09\/candy-crush-passe-a-la-tele\/\" class=\"tpg-post-link\" target=\"_self\">                        <img loading=\"lazy\" decoding=\"async\" src=\"https:\/\/sarbakanstudio.com\/wp-content\/uploads\/2023\/05\/19897447_6065258296730_8809428947201687552_n.jpg\"\n                             class=\"rt-img-responsive\"\n                             width=\"526\"\n                             height=\"276\"\n                             alt=\"CANDY CRUSH, THE SHOW\">\n\t\t\t\t\t\t\n\t\t\t\t\t\t\t\n\t\t<\/a>\n\t\t        <div class=\"overlay grid-hover-content\"><\/div>\n\t\t\t\t\t\t<\/div>\n\t\t\t\n\t\t\t<div class=\"grid-hover-content\">\n\t\t\t\t<div class=\"entry-title-wrapper\"><h3 class=\"entry-title\"><a data-id=\"1957\" href=\"http:\/\/sarbakanstudio.com\/fr\/2017\/05\/09\/candy-crush-passe-a-la-tele\/\" class=\"tpg-post-link\" target=\"_self\">CANDY CRUSH, LE SHOW<\/a><\/h3><\/div>\n\t\t\t\t\n\t\t\t\t\t\t\t\t\t<div class=\"tpg-excerpt tpg-el-excerpt\">\n\t\t\t\t\t\t\t\t\t\t\t\t\t<div class=\"tpg-excerpt-inner\">\n\t\t\t\t\t\t\t\tSarbakan a collabor\u00e9 au jeu t\u00e9l\u00e9vis\u00e9 le plus chaud de cet \u00e9t\u00e9 : CANDY CRUSH ! Un spectacle qui mettra en vedette quatre...\t\t\t\t\t\t\t<\/div>\n\t\t\t\t\t\t\t\t\t\t\t\t\t\t\t\t\t<\/div>\n\t\t\t\t\n\t\t\t\t        <div class=\"post-footer\">\n            <div class=\"post-footer\">\n                <div class=\"read-more\">\n\t\t\t\t\t<a data-id=\"1957\" href=\"http:\/\/sarbakanstudio.com\/fr\/2017\/05\/09\/candy-crush-passe-a-la-tele\/\" class=\"tpg-post-link\" target=\"_self\">Voir plus<\/a>                <\/div>\n            <\/div>\n        <\/div>\n\t\t\t\t\t<\/div>\n\t\t<\/div>\n\t<\/div>\n<\/div>\n            <\/div>\n\n\t\t\t        <\/div>\n\t\t\t\t\t\t<\/div>\n\t\t\t\t<\/div>\n\t\t\t\t\t<\/div>\n\t\t<\/div>\n\t\t\t\t\t<\/div>\n\t\t<\/section>\n\t\t\t\t<\/div>","protected":false},"excerpt":{"rendered":"<p>https:\/\/sarbakanstudio.com\/wp-content\/uploads\/2023\/09\/News_2_Clip.mp4 RECENT NEWS SARBAKAN IS MOVING! The Sarbakan team is pleased to announce that we will soon be moving into our new premises located&#8230; Read more OUR NFS AT IAAPA We are very proud to have launched this week, with Adrenaline Amusement, our new arcade game \u201cNeed&#8230; Read more HIPPOS IN TOWN The Sarbakan team [&hellip;]<\/p>\n","protected":false},"author":1,"featured_media":0,"parent":0,"menu_order":0,"comment_status":"closed","ping_status":"closed","template":"","meta":{"footnotes":""},"class_list":["post-1768","page","type-page","status-publish","hentry"],"rttpg_featured_image_url":null,"rttpg_author":{"display_name":"Claude Pelletier","author_link":"http:\/\/sarbakanstudio.com\/fr\/author\/adminpro\/"},"rttpg_comment":0,"rttpg_category":"","rttpg_excerpt":"https:\/\/sarbakanstudio.com\/wp-content\/uploads\/2023\/09\/News_2_Clip.mp4 RECENT NEWS SARBAKAN IS MOVING! The Sarbakan team is pleased to announce that we will soon be moving into our new premises located&#8230; Read more OUR NFS AT IAAPA We are very proud to have launched this week, with Adrenaline Amusement, our new arcade game \u201cNeed&#8230; Read more HIPPOS IN TOWN The Sarbakan team\u2026","_links":{"self":[{"href":"http:\/\/sarbakanstudio.com\/fr\/wp-json\/wp\/v2\/pages\/1768","targetHints":{"allow":["GET"]}}],"collection":[{"href":"http:\/\/sarbakanstudio.com\/fr\/wp-json\/wp\/v2\/pages"}],"about":[{"href":"http:\/\/sarbakanstudio.com\/fr\/wp-json\/wp\/v2\/types\/page"}],"author":[{"embeddable":true,"href":"http:\/\/sarbakanstudio.com\/fr\/wp-json\/wp\/v2\/users\/1"}],"replies":[{"embeddable":true,"href":"http:\/\/sarbakanstudio.com\/fr\/wp-json\/wp\/v2\/comments?post=1768"}],"version-history":[{"count":185,"href":"http:\/\/sarbakanstudio.com\/fr\/wp-json\/wp\/v2\/pages\/1768\/revisions"}],"predecessor-version":[{"id":4699,"href":"http:\/\/sarbakanstudio.com\/fr\/wp-json\/wp\/v2\/pages\/1768\/revisions\/4699"}],"wp:attachment":[{"href":"http:\/\/sarbakanstudio.com\/fr\/wp-json\/wp\/v2\/media?parent=1768"}],"curies":[{"name":"wp","href":"https:\/\/api.w.org\/{rel}","templated":true}]}}