{"id":4517,"date":"2024-10-31T16:13:44","date_gmt":"2024-10-31T16:13:44","guid":{"rendered":"https:\/\/sarbakanstudio.com\/?page_id=4517"},"modified":"2024-10-31T17:28:26","modified_gmt":"2024-10-31T17:28:26","slug":"artiste-deffets-visuels","status":"publish","type":"page","link":"https:\/\/sarbakanstudio.com\/en\/artiste-deffets-visuels\/","title":{"rendered":"ARTISTE D&#8217;EFFETS VISUELS"},"content":{"rendered":"\t\t<div data-elementor-type=\"wp-page\" data-elementor-id=\"4517\" class=\"elementor elementor-4517\" data-elementor-post-type=\"page\">\n\t\t\t\t\t\t<section class=\"elementor-section elementor-top-section elementor-element elementor-element-2172f31 elementor-section-full_width elementor-section-height-default elementor-section-height-default\" data-id=\"2172f31\" data-element_type=\"section\" data-e-type=\"section\" data-settings=\"{&quot;background_background&quot;:&quot;classic&quot;}\">\n\t\t\t\t\t\t<div class=\"elementor-container elementor-column-gap-no\">\n\t\t\t\t\t<div class=\"elementor-column elementor-col-100 elementor-top-column elementor-element elementor-element-7f5e457\" data-id=\"7f5e457\" data-element_type=\"column\" data-e-type=\"column\">\n\t\t\t<div class=\"elementor-widget-wrap elementor-element-populated\">\n\t\t\t\t\t\t<div class=\"elementor-element elementor-element-a2a6f5f elementor-widget elementor-widget-spacer\" data-id=\"a2a6f5f\" data-element_type=\"widget\" data-e-type=\"widget\" data-widget_type=\"spacer.default\">\n\t\t\t\t<div class=\"elementor-widget-container\">\n\t\t\t\t\t\t\t<div class=\"elementor-spacer\">\n\t\t\t<div class=\"elementor-spacer-inner\"><\/div>\n\t\t<\/div>\n\t\t\t\t\t\t<\/div>\n\t\t\t\t<\/div>\n\t\t\t\t\t<\/div>\n\t\t<\/div>\n\t\t\t\t\t<\/div>\n\t\t<\/section>\n\t\t\t\t<section class=\"elementor-section elementor-top-section elementor-element elementor-element-9ad826d elementor-section-boxed elementor-section-height-default elementor-section-height-default\" data-id=\"9ad826d\" data-element_type=\"section\" data-e-type=\"section\">\n\t\t\t\t\t\t<div class=\"elementor-container elementor-column-gap-default\">\n\t\t\t\t\t<div class=\"elementor-column elementor-col-100 elementor-top-column elementor-element elementor-element-3aa000e\" data-id=\"3aa000e\" data-element_type=\"column\" data-e-type=\"column\">\n\t\t\t<div class=\"elementor-widget-wrap elementor-element-populated\">\n\t\t\t\t\t\t<div class=\"elementor-element elementor-element-6a21bf8 elementor-widget elementor-widget-heading\" data-id=\"6a21bf8\" data-element_type=\"widget\" data-e-type=\"widget\" data-widget_type=\"heading.default\">\n\t\t\t\t<div class=\"elementor-widget-container\">\n\t\t\t\t\t<h2 class=\"elementor-heading-title elementor-size-default\">Artiste d'effets visuels (VFX)<\/h2>\t\t\t\t<\/div>\n\t\t\t\t<\/div>\n\t\t\t\t\t<\/div>\n\t\t<\/div>\n\t\t\t\t\t<\/div>\n\t\t<\/section>\n\t\t\t\t<section class=\"elementor-section elementor-top-section elementor-element elementor-element-5ecf325 elementor-section-boxed elementor-section-height-default elementor-section-height-default\" data-id=\"5ecf325\" data-element_type=\"section\" data-e-type=\"section\">\n\t\t\t\t\t\t<div class=\"elementor-container elementor-column-gap-default\">\n\t\t\t\t\t<div class=\"elementor-column elementor-col-100 elementor-top-column elementor-element elementor-element-13399b3\" data-id=\"13399b3\" data-element_type=\"column\" data-e-type=\"column\">\n\t\t\t<div class=\"elementor-widget-wrap elementor-element-populated\">\n\t\t\t\t\t\t<div class=\"elementor-element elementor-element-dd423ba elementor-widget elementor-widget-text-editor\" data-id=\"dd423ba\" data-element_type=\"widget\" data-e-type=\"widget\" data-widget_type=\"text-editor.default\">\n\t\t\t\t<div class=\"elementor-widget-container\">\n\t\t\t\t\t\t\t\t\t<div data-ogsc=\"rgb(0, 0, 0)\" data-olk-copy-source=\"MessageBody\"><span data-olk-copy-source=\"MessageBody\">Sarbakan est un leader dans l&#8217;Industrie du jeu d&#8217;arcade. Nous sommes \u00e0 la recherche d&#8217;un(e) artiste en effets visuels d&#8217;exp\u00e9rience (VFX artist) passionn\u00e9(e) pour rejoindre notre \u00e9quipe dynamique. Sous la supervision de notre VP Cr\u00e9atif, vous contribuerez \u00e0 la cr\u00e9ation d&#8217;effets visuels captivants qui enrichissent et rehaussent l&#8217;exp\u00e9rience de jeu. Nous nous appr\u00eatons \u00e0 lancer le plus ambitieux projet de l\u2019histoire de Sarbakan.<\/span><\/div>\t\t\t\t\t\t\t\t<\/div>\n\t\t\t\t<\/div>\n\t\t\t\t\t<\/div>\n\t\t<\/div>\n\t\t\t\t\t<\/div>\n\t\t<\/section>\n\t\t\t\t<section class=\"elementor-section elementor-top-section elementor-element elementor-element-2557a04 elementor-section-boxed elementor-section-height-default elementor-section-height-default\" data-id=\"2557a04\" data-element_type=\"section\" data-e-type=\"section\">\n\t\t\t\t\t\t<div class=\"elementor-container elementor-column-gap-default\">\n\t\t\t\t\t<div class=\"elementor-column elementor-col-100 elementor-top-column elementor-element elementor-element-34fcf32f\" data-id=\"34fcf32f\" data-element_type=\"column\" data-e-type=\"column\">\n\t\t\t<div class=\"elementor-widget-wrap elementor-element-populated\">\n\t\t\t\t\t\t<div class=\"elementor-element elementor-element-6b5efe5a elementor-widget elementor-widget-text-editor\" data-id=\"6b5efe5a\" data-element_type=\"widget\" data-e-type=\"widget\" data-widget_type=\"text-editor.default\">\n\t\t\t\t<div class=\"elementor-widget-container\">\n\t\t\t\t\t\t\t\t\t<p><\/p>\n<p><\/p>\n<p><\/p>\n<h2 class=\"wp-block-heading\"><strong>Responsabilit\u00e9s<\/strong><\/h2>\n<p><\/p>\n<p><\/p>\n<p><\/p>\t\t\t\t\t\t\t\t<\/div>\n\t\t\t\t<\/div>\n\t\t\t\t\t<\/div>\n\t\t<\/div>\n\t\t\t\t\t<\/div>\n\t\t<\/section>\n\t\t\t\t<section class=\"elementor-section elementor-top-section elementor-element elementor-element-03ef0df elementor-section-boxed elementor-section-height-default elementor-section-height-default\" data-id=\"03ef0df\" data-element_type=\"section\" data-e-type=\"section\">\n\t\t\t\t\t\t<div class=\"elementor-container elementor-column-gap-default\">\n\t\t\t\t\t<div class=\"elementor-column elementor-col-100 elementor-top-column elementor-element elementor-element-7ea2e89\" data-id=\"7ea2e89\" data-element_type=\"column\" data-e-type=\"column\">\n\t\t\t<div class=\"elementor-widget-wrap elementor-element-populated\">\n\t\t\t\t\t\t<div class=\"elementor-element elementor-element-629cf3a elementor-widget elementor-widget-text-editor\" data-id=\"629cf3a\" data-element_type=\"widget\" data-e-type=\"widget\" data-widget_type=\"text-editor.default\">\n\t\t\t\t<div class=\"elementor-widget-container\">\n\t\t\t\t\t\t\t\t\t<ul>\n<li data-ogsc=\"rgb(0, 0, 0)\" data-olk-copy-source=\"MessageBody\">Concevoir des effets visuels de haute qualit\u00e9 pour am\u00e9liorer l&#8217;exp\u00e9rience de jeu.<\/li>\n<li data-ogsc=\"rgb(0, 0, 0)\">Animer divers \u00e9l\u00e9ments de l&#8217;interface, tels que bo\u00eetes de texte, boutons, jauges et compteurs (Signaux et Retours).<\/li>\n<li data-ogsc=\"rgb(0, 0, 0)\">Int\u00e9grer tous les effets visuels dans Unity et optimiser leur performance pour garantir une exp\u00e9rience fluide.<\/li>\n<li data-ogsc=\"rgb(0, 0, 0)\">Collaborer avec les programmeurs et les artistes pour assurer le soutien n\u00e9cessaire \u00e0 la cr\u00e9ation d&#8217;effets sp\u00e9cifiques.<\/li>\n<li data-ogsc=\"rgb(0, 0, 0)\">Proposer des solutions cr\u00e9atives aux d\u00e9fis li\u00e9s \u00e0 la conception et \u00e0 l&#8217;impl\u00e9mentation d&#8217;effets visuels.\u00a0<\/li>\n<\/ul>\t\t\t\t\t\t\t\t<\/div>\n\t\t\t\t<\/div>\n\t\t\t\t\t<\/div>\n\t\t<\/div>\n\t\t\t\t\t<\/div>\n\t\t<\/section>\n\t\t\t\t<section class=\"elementor-section elementor-top-section elementor-element elementor-element-c180f83 elementor-section-boxed elementor-section-height-default elementor-section-height-default\" data-id=\"c180f83\" data-element_type=\"section\" data-e-type=\"section\">\n\t\t\t\t\t\t<div class=\"elementor-container elementor-column-gap-default\">\n\t\t\t\t\t<div class=\"elementor-column elementor-col-100 elementor-top-column elementor-element elementor-element-d5dc6da\" data-id=\"d5dc6da\" data-element_type=\"column\" data-e-type=\"column\">\n\t\t\t<div class=\"elementor-widget-wrap elementor-element-populated\">\n\t\t\t\t\t\t<div class=\"elementor-element elementor-element-74c6480 elementor-widget elementor-widget-heading\" data-id=\"74c6480\" data-element_type=\"widget\" data-e-type=\"widget\" data-widget_type=\"heading.default\">\n\t\t\t\t<div class=\"elementor-widget-container\">\n\t\t\t\t\t<h2 class=\"elementor-heading-title elementor-size-default\">Exigences<\/h2>\t\t\t\t<\/div>\n\t\t\t\t<\/div>\n\t\t\t\t\t<\/div>\n\t\t<\/div>\n\t\t\t\t\t<\/div>\n\t\t<\/section>\n\t\t\t\t<section class=\"elementor-section elementor-top-section elementor-element elementor-element-56177de elementor-section-boxed elementor-section-height-default elementor-section-height-default\" data-id=\"56177de\" data-element_type=\"section\" data-e-type=\"section\">\n\t\t\t\t\t\t<div class=\"elementor-container elementor-column-gap-default\">\n\t\t\t\t\t<div class=\"elementor-column elementor-col-100 elementor-top-column elementor-element elementor-element-4c9632d\" data-id=\"4c9632d\" data-element_type=\"column\" data-e-type=\"column\">\n\t\t\t<div class=\"elementor-widget-wrap elementor-element-populated\">\n\t\t\t\t\t\t<div class=\"elementor-element elementor-element-bcf73e7 elementor-widget elementor-widget-text-editor\" data-id=\"bcf73e7\" data-element_type=\"widget\" data-e-type=\"widget\" data-widget_type=\"text-editor.default\">\n\t\t\t\t<div class=\"elementor-widget-container\">\n\t\t\t\t\t\t\t\t\t<ul>\n<li data-ogsc=\"rgb(0, 0, 0)\" data-olk-copy-source=\"MessageBody\">Exp\u00e9rience pr\u00e9alable d&#8217;au moins 5 ans dans le d\u00e9veloppement de jeux.<\/li>\n<li data-ogsc=\"rgb(0, 0, 0)\">Compr\u00e9hension approfondie du processus de production, des outils utilis\u00e9s et des contraintes associ\u00e9es.<\/li>\n<li data-ogsc=\"rgb(0, 0, 0)\">Ma\u00eetrise du moteur de jeu Unity (textures, mat\u00e9riaux, particules et shaders).<\/li>\n<li data-ogsc=\"rgb(0, 0, 0)\">Excellentes comp\u00e9tences artistiques et sens aigu du mouvement.<\/li>\n<li data-ogsc=\"rgb(0, 0, 0)\">Capacit\u00e9 \u00e0 s&#8217;adapter rapidement aux changements et \u00e0 accueillir la critique constructivement.<\/li>\n<li data-ogsc=\"rgb(0, 0, 0)\">Polyvalence dans l\u2019adaptation \u00e0 diff\u00e9rents styles visuels.<\/li>\n<li data-ogsc=\"rgb(0, 0, 0)\">Motivation, organisation et proactivit\u00e9 pour \u00e9largir vos comp\u00e9tences et d\u00e9velopper de nouvelles aptitudes.\u00a0<\/li>\n<\/ul>\n<p>\u00a0<\/p>\n<p><span data-olk-copy-source=\"MessageBody\">Rejoignez-nous pour faire partie d&#8217;une aventure excitante et contribuer \u00e0 la cr\u00e9ation de jeux m\u00e9morables !<\/span><\/p>\t\t\t\t\t\t\t\t<\/div>\n\t\t\t\t<\/div>\n\t\t\t\t\t<\/div>\n\t\t<\/div>\n\t\t\t\t\t<\/div>\n\t\t<\/section>\n\t\t\t\t<section class=\"elementor-section elementor-top-section elementor-element elementor-element-ffe425d elementor-section-boxed elementor-section-height-default elementor-section-height-default\" data-id=\"ffe425d\" data-element_type=\"section\" data-e-type=\"section\">\n\t\t\t\t\t\t<div class=\"elementor-container elementor-column-gap-default\">\n\t\t\t\t\t<div class=\"elementor-column elementor-col-100 elementor-top-column elementor-element elementor-element-27145a7\" data-id=\"27145a7\" data-element_type=\"column\" data-e-type=\"column\">\n\t\t\t<div class=\"elementor-widget-wrap elementor-element-populated\">\n\t\t\t\t\t\t<div class=\"elementor-element elementor-element-500b149 elementor-align-center elementor-widget elementor-widget-button\" data-id=\"500b149\" data-element_type=\"widget\" data-e-type=\"widget\" data-widget_type=\"button.default\">\n\t\t\t\t<div class=\"elementor-widget-container\">\n\t\t\t\t\t\t\t\t\t<div class=\"elementor-button-wrapper\">\n\t\t\t\t\t<a class=\"elementor-button elementor-button-link elementor-size-md elementor-animation-grow\" href=\"http:\/\/sarbakanstudio.com\/application\/\" id=\"Appliquer\">\n\t\t\t\t\t\t<span class=\"elementor-button-content-wrapper\">\n\t\t\t\t\t\t\t\t\t<span class=\"elementor-button-text\">Appliquer<\/span>\n\t\t\t\t\t<\/span>\n\t\t\t\t\t<\/a>\n\t\t\t\t<\/div>\n\t\t\t\t\t\t\t\t<\/div>\n\t\t\t\t<\/div>\n\t\t\t\t\t<\/div>\n\t\t<\/div>\n\t\t\t\t\t<\/div>\n\t\t<\/section>\n\t\t\t\t<section class=\"elementor-section elementor-top-section elementor-element elementor-element-c783d76 elementor-section-boxed elementor-section-height-default elementor-section-height-default\" data-id=\"c783d76\" data-element_type=\"section\" data-e-type=\"section\">\n\t\t\t\t\t\t<div class=\"elementor-container elementor-column-gap-default\">\n\t\t\t\t\t<div class=\"elementor-column elementor-col-100 elementor-top-column elementor-element elementor-element-933e956\" data-id=\"933e956\" data-element_type=\"column\" data-e-type=\"column\">\n\t\t\t<div class=\"elementor-widget-wrap elementor-element-populated\">\n\t\t\t\t\t\t<div class=\"elementor-element elementor-element-09898cb elementor-widget elementor-widget-spacer\" data-id=\"09898cb\" data-element_type=\"widget\" data-e-type=\"widget\" data-widget_type=\"spacer.default\">\n\t\t\t\t<div class=\"elementor-widget-container\">\n\t\t\t\t\t\t\t<div class=\"elementor-spacer\">\n\t\t\t<div class=\"elementor-spacer-inner\"><\/div>\n\t\t<\/div>\n\t\t\t\t\t\t<\/div>\n\t\t\t\t<\/div>\n\t\t\t\t\t<\/div>\n\t\t<\/div>\n\t\t\t\t\t<\/div>\n\t\t<\/section>\n\t\t\t\t<\/div>\n\t\t","protected":false},"excerpt":{"rendered":"<p>Artiste d&#8217;effets visuels (VFX) Sarbakan est un leader dans l&#8217;Industrie du jeu d&#8217;arcade. Nous sommes \u00e0 la recherche d&#8217;un(e) artiste en effets visuels d&#8217;exp\u00e9rience (VFX artist) passionn\u00e9(e) pour rejoindre notre \u00e9quipe dynamique. Sous la supervision de notre VP Cr\u00e9atif, vous contribuerez \u00e0 la cr\u00e9ation d&#8217;effets visuels captivants qui enrichissent et rehaussent l&#8217;exp\u00e9rience de jeu. Nous [&hellip;]<\/p>\n","protected":false},"author":2,"featured_media":0,"parent":0,"menu_order":0,"comment_status":"closed","ping_status":"closed","template":"","meta":{"footnotes":""},"class_list":["post-4517","page","type-page","status-publish","hentry"],"rttpg_featured_image_url":null,"rttpg_author":{"display_name":"Support Sarbakan","author_link":"https:\/\/sarbakanstudio.com\/en\/author\/supportsarbakan-com\/"},"rttpg_comment":0,"rttpg_category":null,"rttpg_excerpt":"Artiste d&#8217;effets visuels (VFX) Sarbakan est un leader dans l&#8217;Industrie du jeu d&#8217;arcade. Nous sommes \u00e0 la recherche d&#8217;un(e) artiste en effets visuels d&#8217;exp\u00e9rience (VFX artist) passionn\u00e9(e) pour rejoindre notre \u00e9quipe dynamique. Sous la supervision de notre VP Cr\u00e9atif, vous contribuerez \u00e0 la cr\u00e9ation d&#8217;effets visuels captivants qui enrichissent et rehaussent l&#8217;exp\u00e9rience de jeu. Nous&hellip;","_links":{"self":[{"href":"https:\/\/sarbakanstudio.com\/en\/wp-json\/wp\/v2\/pages\/4517","targetHints":{"allow":["GET"]}}],"collection":[{"href":"https:\/\/sarbakanstudio.com\/en\/wp-json\/wp\/v2\/pages"}],"about":[{"href":"https:\/\/sarbakanstudio.com\/en\/wp-json\/wp\/v2\/types\/page"}],"author":[{"embeddable":true,"href":"https:\/\/sarbakanstudio.com\/en\/wp-json\/wp\/v2\/users\/2"}],"replies":[{"embeddable":true,"href":"https:\/\/sarbakanstudio.com\/en\/wp-json\/wp\/v2\/comments?post=4517"}],"version-history":[{"count":11,"href":"https:\/\/sarbakanstudio.com\/en\/wp-json\/wp\/v2\/pages\/4517\/revisions"}],"predecessor-version":[{"id":4534,"href":"https:\/\/sarbakanstudio.com\/en\/wp-json\/wp\/v2\/pages\/4517\/revisions\/4534"}],"wp:attachment":[{"href":"https:\/\/sarbakanstudio.com\/en\/wp-json\/wp\/v2\/media?parent=4517"}],"curies":[{"name":"wp","href":"https:\/\/api.w.org\/{rel}","templated":true}]}}