{"id":4525,"date":"2024-10-31T17:23:39","date_gmt":"2024-10-31T17:23:39","guid":{"rendered":"https:\/\/sarbakanstudio.com\/?page_id=4525"},"modified":"2024-10-31T17:29:30","modified_gmt":"2024-10-31T17:29:30","slug":"animatrice-animateur","status":"publish","type":"page","link":"https:\/\/sarbakanstudio.com\/fr\/animatrice-animateur\/","title":{"rendered":"ANIMATRICE, ANIMATEUR"},"content":{"rendered":"<div data-elementor-type=\"wp-page\" data-elementor-id=\"4525\" class=\"elementor elementor-4525\" data-elementor-post-type=\"page\">\n\t\t\t\t\t\t<section class=\"elementor-section elementor-top-section elementor-element elementor-element-2172f31 elementor-section-full_width elementor-section-height-default elementor-section-height-default\" data-id=\"2172f31\" data-element_type=\"section\" data-e-type=\"section\" data-settings=\"{&quot;background_background&quot;:&quot;classic&quot;}\">\n\t\t\t\t\t\t<div class=\"elementor-container elementor-column-gap-no\">\n\t\t\t\t\t<div class=\"elementor-column elementor-col-100 elementor-top-column elementor-element elementor-element-7f5e457\" data-id=\"7f5e457\" data-element_type=\"column\" data-e-type=\"column\">\n\t\t\t<div class=\"elementor-widget-wrap elementor-element-populated\">\n\t\t\t\t\t\t<div class=\"elementor-element elementor-element-a2a6f5f elementor-widget elementor-widget-spacer\" data-id=\"a2a6f5f\" data-element_type=\"widget\" data-e-type=\"widget\" data-widget_type=\"spacer.default\">\n\t\t\t\t<div class=\"elementor-widget-container\">\n\t\t\t\t\t\t\t<div class=\"elementor-spacer\">\n\t\t\t<div class=\"elementor-spacer-inner\"><\/div>\n\t\t<\/div>\n\t\t\t\t\t\t<\/div>\n\t\t\t\t<\/div>\n\t\t\t\t\t<\/div>\n\t\t<\/div>\n\t\t\t\t\t<\/div>\n\t\t<\/section>\n\t\t\t\t<section class=\"elementor-section elementor-top-section elementor-element elementor-element-9ad826d elementor-section-boxed elementor-section-height-default elementor-section-height-default\" data-id=\"9ad826d\" data-element_type=\"section\" data-e-type=\"section\">\n\t\t\t\t\t\t<div class=\"elementor-container elementor-column-gap-default\">\n\t\t\t\t\t<div class=\"elementor-column elementor-col-100 elementor-top-column elementor-element elementor-element-3aa000e\" data-id=\"3aa000e\" data-element_type=\"column\" data-e-type=\"column\">\n\t\t\t<div class=\"elementor-widget-wrap elementor-element-populated\">\n\t\t\t\t\t\t<div class=\"elementor-element elementor-element-6a21bf8 elementor-widget elementor-widget-heading\" data-id=\"6a21bf8\" data-element_type=\"widget\" data-e-type=\"widget\" data-widget_type=\"heading.default\">\n\t\t\t\t<div class=\"elementor-widget-container\">\n\t\t\t\t\t<h2 class=\"elementor-heading-title elementor-size-default\">Animatrice\/animateur 3D<\/h2>\t\t\t\t<\/div>\n\t\t\t\t<\/div>\n\t\t\t\t\t<\/div>\n\t\t<\/div>\n\t\t\t\t\t<\/div>\n\t\t<\/section>\n\t\t\t\t<section class=\"elementor-section elementor-top-section elementor-element elementor-element-5ecf325 elementor-section-boxed elementor-section-height-default elementor-section-height-default\" data-id=\"5ecf325\" data-element_type=\"section\" data-e-type=\"section\">\n\t\t\t\t\t\t<div class=\"elementor-container elementor-column-gap-default\">\n\t\t\t\t\t<div class=\"elementor-column elementor-col-100 elementor-top-column elementor-element elementor-element-13399b3\" data-id=\"13399b3\" data-element_type=\"column\" data-e-type=\"column\">\n\t\t\t<div class=\"elementor-widget-wrap elementor-element-populated\">\n\t\t\t\t\t\t<div class=\"elementor-element elementor-element-dd423ba elementor-widget elementor-widget-text-editor\" data-id=\"dd423ba\" data-element_type=\"widget\" data-e-type=\"widget\" data-widget_type=\"text-editor.default\">\n\t\t\t\t<div class=\"elementor-widget-container\">\n\t\t\t\t\t\t\t\t\t<div data-ogsc=\"rgb(0, 0, 0)\" data-olk-copy-source=\"MessageBody\"><span data-olk-copy-source=\"MessageBody\">Sarbakan est un acteur incontournable dans l&#8217;industrie du jeu d&#8217;arcade. Nous sommes \u00e0 la recherche d\u2019un(e) animateur(trice) talentueux(se) pour rejoindre notre d\u00e9partement artistique et int\u00e9grer notre \u00e9quipe dynamique. Nous nous appr\u00eatons \u00e0 lancer le projet le plus ambitieux de l\u2019histoire de Sarbakan !<\/span><\/div>\t\t\t\t\t\t\t\t<\/div>\n\t\t\t\t<\/div>\n\t\t\t\t\t<\/div>\n\t\t<\/div>\n\t\t\t\t\t<\/div>\n\t\t<\/section>\n\t\t\t\t<section class=\"elementor-section elementor-top-section elementor-element elementor-element-2557a04 elementor-section-boxed elementor-section-height-default elementor-section-height-default\" data-id=\"2557a04\" data-element_type=\"section\" data-e-type=\"section\">\n\t\t\t\t\t\t<div class=\"elementor-container elementor-column-gap-default\">\n\t\t\t\t\t<div class=\"elementor-column elementor-col-100 elementor-top-column elementor-element elementor-element-34fcf32f\" data-id=\"34fcf32f\" data-element_type=\"column\" data-e-type=\"column\">\n\t\t\t<div class=\"elementor-widget-wrap elementor-element-populated\">\n\t\t\t\t\t\t<div class=\"elementor-element elementor-element-6b5efe5a elementor-widget elementor-widget-text-editor\" data-id=\"6b5efe5a\" data-element_type=\"widget\" data-e-type=\"widget\" data-widget_type=\"text-editor.default\">\n\t\t\t\t<div class=\"elementor-widget-container\">\n\t\t\t\t\t\t\t\t\t<p><\/p>\n<p><\/p>\n<p><\/p>\n<h2 class=\"wp-block-heading\"><strong>Responsabilit\u00e9s<\/strong><\/h2>\n<p><\/p>\n<p><\/p>\n<p><\/p>\t\t\t\t\t\t\t\t<\/div>\n\t\t\t\t<\/div>\n\t\t\t\t\t<\/div>\n\t\t<\/div>\n\t\t\t\t\t<\/div>\n\t\t<\/section>\n\t\t\t\t<section class=\"elementor-section elementor-top-section elementor-element elementor-element-03ef0df elementor-section-boxed elementor-section-height-default elementor-section-height-default\" data-id=\"03ef0df\" data-element_type=\"section\" data-e-type=\"section\">\n\t\t\t\t\t\t<div class=\"elementor-container elementor-column-gap-default\">\n\t\t\t\t\t<div class=\"elementor-column elementor-col-100 elementor-top-column elementor-element elementor-element-7ea2e89\" data-id=\"7ea2e89\" data-element_type=\"column\" data-e-type=\"column\">\n\t\t\t<div class=\"elementor-widget-wrap elementor-element-populated\">\n\t\t\t\t\t\t<div class=\"elementor-element elementor-element-629cf3a elementor-widget elementor-widget-text-editor\" data-id=\"629cf3a\" data-element_type=\"widget\" data-e-type=\"widget\" data-widget_type=\"text-editor.default\">\n\t\t\t\t<div class=\"elementor-widget-container\">\n\t\t\t\t\t\t\t\t\t<ul>\n<li data-ogsc=\"rgb(0, 0, 0)\" data-olk-copy-source=\"MessageBody\">Animer les personnages et donner vie \u00e0 nos jeux captivants.<\/li>\n<li data-ogsc=\"rgb(0, 0, 0)\">Faire preuve de polyvalence en utilisant des donn\u00e9es de capture de mouvement, de l\u2019animation par cl\u00e9 (keyframe) et en manipulant le contenu d\u2019animation int\u00e9gr\u00e9.<\/li>\n<li data-ogsc=\"rgb(0, 0, 0)\">Collaborer avec les \u00e9quipes de production et d\u2019autres d\u00e9partements pour prototyper de nouvelles fonctionnalit\u00e9s de gameplay.<\/li>\n<li data-ogsc=\"rgb(0, 0, 0)\">Participer aux efforts de recherche et d\u00e9veloppement pour am\u00e9liorer nos outils et \u00e9valuer les nouvelles technologies.<\/li>\n<li data-ogsc=\"rgb(0, 0, 0)\">Respecter les d\u00e9lais de livraison des t\u00e2ches et r\u00e9viser le contenu directement dans Unity.<\/li>\n<li data-ogsc=\"rgb(0, 0, 0)\">Identifier et r\u00e9soudre les probl\u00e8mes li\u00e9s \u00e0 l\u2019animation (bugs).<\/li>\n<li data-ogsc=\"rgb(0, 0, 0)\">Apporter votre soutien \u00e0 l\u2019\u00e9quipe d\u2019animation, en particulier aux membres moins exp\u00e9riment\u00e9s.\u00a0<\/li>\n<\/ul>\t\t\t\t\t\t\t\t<\/div>\n\t\t\t\t<\/div>\n\t\t\t\t\t<\/div>\n\t\t<\/div>\n\t\t\t\t\t<\/div>\n\t\t<\/section>\n\t\t\t\t<section class=\"elementor-section elementor-top-section elementor-element elementor-element-c180f83 elementor-section-boxed elementor-section-height-default elementor-section-height-default\" data-id=\"c180f83\" data-element_type=\"section\" data-e-type=\"section\">\n\t\t\t\t\t\t<div class=\"elementor-container elementor-column-gap-default\">\n\t\t\t\t\t<div class=\"elementor-column elementor-col-100 elementor-top-column elementor-element elementor-element-d5dc6da\" data-id=\"d5dc6da\" data-element_type=\"column\" data-e-type=\"column\">\n\t\t\t<div class=\"elementor-widget-wrap elementor-element-populated\">\n\t\t\t\t\t\t<div class=\"elementor-element elementor-element-74c6480 elementor-widget elementor-widget-heading\" data-id=\"74c6480\" data-element_type=\"widget\" data-e-type=\"widget\" data-widget_type=\"heading.default\">\n\t\t\t\t<div class=\"elementor-widget-container\">\n\t\t\t\t\t<h2 class=\"elementor-heading-title elementor-size-default\">Exigences<\/h2>\t\t\t\t<\/div>\n\t\t\t\t<\/div>\n\t\t\t\t\t<\/div>\n\t\t<\/div>\n\t\t\t\t\t<\/div>\n\t\t<\/section>\n\t\t\t\t<section class=\"elementor-section elementor-top-section elementor-element elementor-element-56177de elementor-section-boxed elementor-section-height-default elementor-section-height-default\" data-id=\"56177de\" data-element_type=\"section\" data-e-type=\"section\">\n\t\t\t\t\t\t<div class=\"elementor-container elementor-column-gap-default\">\n\t\t\t\t\t<div class=\"elementor-column elementor-col-100 elementor-top-column elementor-element elementor-element-4c9632d\" data-id=\"4c9632d\" data-element_type=\"column\" data-e-type=\"column\">\n\t\t\t<div class=\"elementor-widget-wrap elementor-element-populated\">\n\t\t\t\t\t\t<div class=\"elementor-element elementor-element-bcf73e7 elementor-widget elementor-widget-text-editor\" data-id=\"bcf73e7\" data-element_type=\"widget\" data-e-type=\"widget\" data-widget_type=\"text-editor.default\">\n\t\t\t\t<div class=\"elementor-widget-container\">\n\t\t\t\t\t\t\t\t\t<ul>\n<li data-ogsc=\"rgb(0, 0, 0)\" data-olk-copy-source=\"MessageBody\">Excellente ma\u00eetrise de Unity.<\/li>\n<li data-ogsc=\"rgb(0, 0, 0)\">Plus de 5 ans d\u2019exp\u00e9rience dans le d\u00e9veloppement de jeux vid\u00e9o.<\/li>\n<li data-ogsc=\"rgb(0, 0, 0)\">Comp\u00e9tences solides en communication et en organisation.<\/li>\n<li data-ogsc=\"rgb(0, 0, 0)\">Connaissances approfondies en animation de m\u00e9canique corporelle, en poses et en rythme.<\/li>\n<li data-ogsc=\"rgb(0, 0, 0)\">Bonnes bases en animation faciale et en performance d\u2019acteur\/actrice.<\/li>\n<li data-ogsc=\"rgb(0, 0, 0)\">Sens aigu de la narration cin\u00e9matographique, du langage de la cam\u00e9ra et de la mise en sc\u00e8ne.<\/li>\n<li data-ogsc=\"rgb(0, 0, 0)\">Compr\u00e9hension ma\u00eetris\u00e9e du processus de production de capture de mouvement, avec capacit\u00e9 \u00e0 soutenir le pipeline.<\/li>\n<li data-ogsc=\"rgb(0, 0, 0)\">Comp\u00e9tences techniques en r\u00e9solution de probl\u00e8mes et en d\u00e9pannage.<\/li>\n<li data-ogsc=\"rgb(0, 0, 0)\">Attitude positive et d\u00e9sir d&#8217;apporter de nouvelles id\u00e9es \u00e0 l\u2019\u00e9quipe.<\/li>\n<li data-ogsc=\"rgb(0, 0, 0)\">Compr\u00e9hension du processus de d\u00e9veloppement de jeux et des pipelines d\u2019art\/animation.<\/li>\n<\/ul>\n<p>\u00a0<\/p>\n<p><span data-olk-copy-source=\"MessageBody\">Rejoignez-nous pour faire partie d&#8217;une aventure excitante et contribuer \u00e0 la cr\u00e9ation de jeux m\u00e9morables !<\/span><\/p>\t\t\t\t\t\t\t\t<\/div>\n\t\t\t\t<\/div>\n\t\t\t\t\t<\/div>\n\t\t<\/div>\n\t\t\t\t\t<\/div>\n\t\t<\/section>\n\t\t\t\t<section class=\"elementor-section elementor-top-section elementor-element elementor-element-ffe425d elementor-section-boxed elementor-section-height-default elementor-section-height-default\" data-id=\"ffe425d\" data-element_type=\"section\" data-e-type=\"section\">\n\t\t\t\t\t\t<div class=\"elementor-container elementor-column-gap-default\">\n\t\t\t\t\t<div class=\"elementor-column elementor-col-100 elementor-top-column elementor-element elementor-element-27145a7\" data-id=\"27145a7\" data-element_type=\"column\" data-e-type=\"column\">\n\t\t\t<div class=\"elementor-widget-wrap elementor-element-populated\">\n\t\t\t\t\t\t<div class=\"elementor-element elementor-element-500b149 elementor-align-center elementor-widget elementor-widget-button\" data-id=\"500b149\" data-element_type=\"widget\" data-e-type=\"widget\" data-widget_type=\"button.default\">\n\t\t\t\t<div class=\"elementor-widget-container\">\n\t\t\t\t\t\t\t\t\t<div class=\"elementor-button-wrapper\">\n\t\t\t\t\t<a class=\"elementor-button elementor-button-link elementor-size-md elementor-animation-grow\" href=\"http:\/\/sarbakanstudio.com\/fr\/application\/\" id=\"Appliquer\">\n\t\t\t\t\t\t<span class=\"elementor-button-content-wrapper\">\n\t\t\t\t\t\t\t\t\t<span class=\"elementor-button-text\">Appliquer<\/span>\n\t\t\t\t\t<\/span>\n\t\t\t\t\t<\/a>\n\t\t\t\t<\/div>\n\t\t\t\t\t\t\t\t<\/div>\n\t\t\t\t<\/div>\n\t\t\t\t\t<\/div>\n\t\t<\/div>\n\t\t\t\t\t<\/div>\n\t\t<\/section>\n\t\t\t\t<section class=\"elementor-section elementor-top-section elementor-element elementor-element-c783d76 elementor-section-boxed elementor-section-height-default elementor-section-height-default\" data-id=\"c783d76\" data-element_type=\"section\" data-e-type=\"section\">\n\t\t\t\t\t\t<div class=\"elementor-container elementor-column-gap-default\">\n\t\t\t\t\t<div class=\"elementor-column elementor-col-100 elementor-top-column elementor-element elementor-element-933e956\" data-id=\"933e956\" data-element_type=\"column\" data-e-type=\"column\">\n\t\t\t<div class=\"elementor-widget-wrap elementor-element-populated\">\n\t\t\t\t\t\t<div class=\"elementor-element elementor-element-09898cb elementor-widget elementor-widget-spacer\" data-id=\"09898cb\" data-element_type=\"widget\" data-e-type=\"widget\" data-widget_type=\"spacer.default\">\n\t\t\t\t<div class=\"elementor-widget-container\">\n\t\t\t\t\t\t\t<div class=\"elementor-spacer\">\n\t\t\t<div class=\"elementor-spacer-inner\"><\/div>\n\t\t<\/div>\n\t\t\t\t\t\t<\/div>\n\t\t\t\t<\/div>\n\t\t\t\t\t<\/div>\n\t\t<\/div>\n\t\t\t\t\t<\/div>\n\t\t<\/section>\n\t\t\t\t<\/div>","protected":false},"excerpt":{"rendered":"<p>Animatrice\/animateur 3D Sarbakan est un acteur incontournable dans l&#8217;industrie du jeu d&#8217;arcade. Nous sommes \u00e0 la recherche d\u2019un(e) animateur(trice) talentueux(se) pour rejoindre notre d\u00e9partement artistique et int\u00e9grer notre \u00e9quipe dynamique. Nous nous appr\u00eatons \u00e0 lancer le projet le plus ambitieux de l\u2019histoire de Sarbakan ! Responsabilit\u00e9s Animer les personnages et donner vie \u00e0 nos jeux [&hellip;]<\/p>\n","protected":false},"author":2,"featured_media":0,"parent":0,"menu_order":0,"comment_status":"closed","ping_status":"closed","template":"","meta":{"footnotes":""},"class_list":["post-4525","page","type-page","status-publish","hentry"],"rttpg_featured_image_url":null,"rttpg_author":{"display_name":"Support Sarbakan","author_link":"https:\/\/sarbakanstudio.com\/fr\/author\/supportsarbakan-com\/"},"rttpg_comment":0,"rttpg_category":null,"rttpg_excerpt":"Animatrice\/animateur 3D Sarbakan est un acteur incontournable dans l&#8217;industrie du jeu d&#8217;arcade. Nous sommes \u00e0 la recherche d\u2019un(e) animateur(trice) talentueux(se) pour rejoindre notre d\u00e9partement artistique et int\u00e9grer notre \u00e9quipe dynamique. Nous nous appr\u00eatons \u00e0 lancer le projet le plus ambitieux de l\u2019histoire de Sarbakan ! Responsabilit\u00e9s Animer les personnages et donner vie \u00e0 nos jeux\u2026","_links":{"self":[{"href":"https:\/\/sarbakanstudio.com\/fr\/wp-json\/wp\/v2\/pages\/4525","targetHints":{"allow":["GET"]}}],"collection":[{"href":"https:\/\/sarbakanstudio.com\/fr\/wp-json\/wp\/v2\/pages"}],"about":[{"href":"https:\/\/sarbakanstudio.com\/fr\/wp-json\/wp\/v2\/types\/page"}],"author":[{"embeddable":true,"href":"https:\/\/sarbakanstudio.com\/fr\/wp-json\/wp\/v2\/users\/2"}],"replies":[{"embeddable":true,"href":"https:\/\/sarbakanstudio.com\/fr\/wp-json\/wp\/v2\/comments?post=4525"}],"version-history":[{"count":7,"href":"https:\/\/sarbakanstudio.com\/fr\/wp-json\/wp\/v2\/pages\/4525\/revisions"}],"predecessor-version":[{"id":4537,"href":"https:\/\/sarbakanstudio.com\/fr\/wp-json\/wp\/v2\/pages\/4525\/revisions\/4537"}],"wp:attachment":[{"href":"https:\/\/sarbakanstudio.com\/fr\/wp-json\/wp\/v2\/media?parent=4525"}],"curies":[{"name":"wp","href":"https:\/\/api.w.org\/{rel}","templated":true}]}}